{"id":87,"date":"2026-05-06T18:22:53","date_gmt":"2026-05-06T16:22:53","guid":{"rendered":"http:\/\/sevenans.org\/?page_id=87"},"modified":"2026-05-06T18:22:53","modified_gmt":"2026-05-06T16:22:53","slug":"calendrier","status":"publish","type":"page","link":"http:\/\/sevenans.org\/index.php\/calendrier\/","title":{"rendered":"\u00c9v\u00e8nements"},"content":{"rendered":"\n<p class=\"has-vivid-green-cyan-background-color has-background\"><strong>17<\/strong> <strong>janvier<\/strong> <strong>2026<\/strong>&nbsp;: Loto \u00e0 TREVENANS (salle des f\u00eates)<\/p>\n\n\n\n<figure class=\"wp-block-image size-full is-resized\"><img decoding=\"async\" loading=\"lazy\" src=\"http:\/\/sevenans.org\/wp-content\/uploads\/2022\/12\/loto-illustration_15028_w300.jpg\" alt=\"\" class=\"wp-image-424\" width=\"185\" height=\"246\" srcset=\"http:\/\/sevenans.org\/wp-content\/uploads\/2022\/12\/loto-illustration_15028_w300.jpg 300w, http:\/\/sevenans.org\/wp-content\/uploads\/2022\/12\/loto-illustration_15028_w300-225x300.jpg 225w\" sizes=\"(max-width: 185px) 100vw, 185px\" \/><\/figure>\n\n\n\n<p class=\"has-vivid-green-cyan-background-color has-background\"><strong> 21 &amp; 22 f\u00e9vrier<\/strong> <strong>2026<\/strong>&nbsp;: Foire aux livres , salle des f\u00eates de S\u00e9venans<\/p>\n\n\n\n<figure class=\"wp-block-image size-large is-resized\"><img decoding=\"async\" loading=\"lazy\" src=\"http:\/\/sevenans.org\/wp-content\/uploads\/2022\/12\/comite-des-fetes-003-1024x768.jpg\" alt=\"\" class=\"wp-image-426\" width=\"320\" height=\"239\" srcset=\"http:\/\/sevenans.org\/wp-content\/uploads\/2022\/12\/comite-des-fetes-003-1024x768.jpg 1024w, http:\/\/sevenans.org\/wp-content\/uploads\/2022\/12\/comite-des-fetes-003-300x225.jpg 300w, http:\/\/sevenans.org\/wp-content\/uploads\/2022\/12\/comite-des-fetes-003-768x576.jpg 768w, http:\/\/sevenans.org\/wp-content\/uploads\/2022\/12\/comite-des-fetes-003-1536x1152.jpg 1536w, http:\/\/sevenans.org\/wp-content\/uploads\/2022\/12\/comite-des-fetes-003-2048x1536.jpg 2048w\" sizes=\"(max-width: 320px) 100vw, 320px\" \/><\/figure>\n\n\n\n<p class=\"has-vivid-green-cyan-background-color has-background\">  <strong>30 ao\u00fbt  2026 <\/strong> : Jeux Inter villages de p\u00e9tanque \u00e0 Botans (\u00e0 confirmer)<\/p>\n\n\n\n<figure class=\"wp-block-image size-full is-resized\"><img decoding=\"async\" loading=\"lazy\" src=\"http:\/\/sevenans.org\/wp-content\/uploads\/2022\/12\/petanque.jpg\" alt=\"\" class=\"wp-image-430\" width=\"221\" height=\"289\" srcset=\"http:\/\/sevenans.org\/wp-content\/uploads\/2022\/12\/petanque.jpg 300w, http:\/\/sevenans.org\/wp-content\/uploads\/2022\/12\/petanque-230x300.jpg 230w\" sizes=\"(max-width: 221px) 100vw, 221px\" \/><\/figure>\n\n\n\n<p class=\"has-vivid-green-cyan-background-color has-background\"><strong> 20 septembre 2026<\/strong> : Marche gourmande <\/p>\n\n\n\n<figure class=\"wp-block-image size-large is-resized\"><img decoding=\"async\" loading=\"lazy\" src=\"http:\/\/sevenans.org\/wp-content\/uploads\/2022\/12\/IMG_1899-Copie-de-copie-1024x683.jpg\" alt=\"\" class=\"wp-image-431\" width=\"348\" height=\"231\" srcset=\"http:\/\/sevenans.org\/wp-content\/uploads\/2022\/12\/IMG_1899-Copie-de-copie-1024x683.jpg 1024w, http:\/\/sevenans.org\/wp-content\/uploads\/2022\/12\/IMG_1899-Copie-de-copie-300x200.jpg 300w, http:\/\/sevenans.org\/wp-content\/uploads\/2022\/12\/IMG_1899-Copie-de-copie-768x512.jpg 768w, http:\/\/sevenans.org\/wp-content\/uploads\/2022\/12\/IMG_1899-Copie-de-copie-1536x1024.jpg 1536w, http:\/\/sevenans.org\/wp-content\/uploads\/2022\/12\/IMG_1899-Copie-de-copie-2048x1365.jpg 2048w\" sizes=\"(max-width: 348px) 100vw, 348px\" \/><\/figure>\n\n\n\n<p class=\"has-vivid-green-cyan-background-color has-background\"><strong>10 Octobre 2026&nbsp;<\/strong>:  Soir\u00e9e Octobre Rose  (soir\u00e9e karaok\u00e9)<\/p>\n\n\n\n<p><\/p>\n\n\n\n<figure class=\"wp-block-image size-large is-resized\"><img decoding=\"async\" loading=\"lazy\" src=\"http:\/\/sevenans.org\/wp-content\/uploads\/2022\/12\/310714529_404834505171074_169643144563910950_n-1024x461.jpg\" alt=\"\" class=\"wp-image-512\" width=\"580\" height=\"260\" srcset=\"http:\/\/sevenans.org\/wp-content\/uploads\/2022\/12\/310714529_404834505171074_169643144563910950_n-1024x461.jpg 1024w, http:\/\/sevenans.org\/wp-content\/uploads\/2022\/12\/310714529_404834505171074_169643144563910950_n-300x135.jpg 300w, http:\/\/sevenans.org\/wp-content\/uploads\/2022\/12\/310714529_404834505171074_169643144563910950_n-768x346.jpg 768w, http:\/\/sevenans.org\/wp-content\/uploads\/2022\/12\/310714529_404834505171074_169643144563910950_n-1536x691.jpg 1536w, http:\/\/sevenans.org\/wp-content\/uploads\/2022\/12\/310714529_404834505171074_169643144563910950_n-2048x922.jpg 2048w\" sizes=\"(max-width: 580px) 100vw, 580px\" \/><\/figure>\n\n\n\n<p class=\"has-luminous-vivid-amber-background-color has-background\"><strong> <\/strong><\/p>\n\n\n\n<figure class=\"wp-block-image size-large is-resized\"><img decoding=\"async\" loading=\"lazy\" src=\"http:\/\/sevenans.org\/wp-content\/uploads\/2022\/12\/AFM20TELETHON-1024x682.jpg\" alt=\"\" class=\"wp-image-433\" width=\"30\" height=\"20\" srcset=\"http:\/\/sevenans.org\/wp-content\/uploads\/2022\/12\/AFM20TELETHON-1024x682.jpg 1024w, http:\/\/sevenans.org\/wp-content\/uploads\/2022\/12\/AFM20TELETHON-300x200.jpg 300w, http:\/\/sevenans.org\/wp-content\/uploads\/2022\/12\/AFM20TELETHON-768x512.jpg 768w, http:\/\/sevenans.org\/wp-content\/uploads\/2022\/12\/AFM20TELETHON-1536x1024.jpg 1536w, http:\/\/sevenans.org\/wp-content\/uploads\/2022\/12\/AFM20TELETHON.jpg 1772w\" sizes=\"(max-width: 30px) 100vw, 30px\" \/><\/figure>\n\n\n\n<p> <strong>Pr\u00e9visions  2027<\/strong> : <\/p>\n\n\n\n<p>Loto le 16 janvier 2027<br>Foire aux livres les 20 et 21 f\u00e9vrier 2027<br>Soir\u00e9e festive le 29 mai 2027 (salle r\u00e9serv\u00e9e)<br>Marche gourmande le 19 septembre 2027<br>Octobre Rose le 16 octobre 2027<br>Soir\u00e9e Beaujolais le 18 novembre 2027<\/p>\n\n\n\n<p><br><\/p>\n","protected":false},"excerpt":{"rendered":"<p>17 janvier 2026&nbsp;: Loto \u00e0 TREVENANS (salle des f\u00eates) 21 &amp; 22 f\u00e9vrier 2026&nbsp;: Foire aux livres , salle des f\u00eates de S\u00e9venans 30 ao\u00fbt 2026 : Jeux Inter villages de p\u00e9tanque \u00e0 Botans (\u00e0 confirmer) 20 septembre 2026 : Marche gourmande 10 Octobre 2026&nbsp;: Soir\u00e9e Octobre Rose (soir\u00e9e karaok\u00e9) Pr\u00e9visions 2027 : Loto le &hellip; <\/p>\n<p class=\"link-more\"><a href=\"http:\/\/sevenans.org\/index.php\/calendrier\/\" class=\"more-link\">Continue reading<span class=\"screen-reader-text\"> \u00ab\u00a0\u00c9v\u00e8nements\u00a0\u00bb<\/span><\/a><\/p>\n","protected":false},"author":1,"featured_media":0,"parent":0,"menu_order":0,"comment_status":"closed","ping_status":"closed","template":"","meta":[],"_links":{"self":[{"href":"http:\/\/sevenans.org\/index.php\/wp-json\/wp\/v2\/pages\/87"}],"collection":[{"href":"http:\/\/sevenans.org\/index.php\/wp-json\/wp\/v2\/pages"}],"about":[{"href":"http:\/\/sevenans.org\/index.php\/wp-json\/wp\/v2\/types\/page"}],"author":[{"embeddable":true,"href":"http:\/\/sevenans.org\/index.php\/wp-json\/wp\/v2\/users\/1"}],"replies":[{"embeddable":true,"href":"http:\/\/sevenans.org\/index.php\/wp-json\/wp\/v2\/comments?post=87"}],"version-history":[{"count":71,"href":"http:\/\/sevenans.org\/index.php\/wp-json\/wp\/v2\/pages\/87\/revisions"}],"predecessor-version":[{"id":974,"href":"http:\/\/sevenans.org\/index.php\/wp-json\/wp\/v2\/pages\/87\/revisions\/974"}],"wp:attachment":[{"href":"http:\/\/sevenans.org\/index.php\/wp-json\/wp\/v2\/media?parent=87"}],"curies":[{"name":"wp","href":"https:\/\/api.w.org\/{rel}","templated":true}]}}